{"id":1275,"date":"2021-05-11T17:42:05","date_gmt":"2021-05-11T15:42:05","guid":{"rendered":"https:\/\/squash95.net\/?page_id=1275"},"modified":"2025-05-01T20:03:51","modified_gmt":"2025-05-01T18:03:51","slug":"as","status":"publish","type":"page","link":"https:\/\/squash95.net\/index.php\/as\/","title":{"rendered":"AS"},"content":{"rendered":"<p>[et_pb_section fb_built=\u00a0\u00bb1&Prime; _builder_version=\u00a0\u00bb4.16&Prime; _module_preset=\u00a0\u00bbdefault\u00a0\u00bb bottom_divider_style=\u00a0\u00bbarrow2&Prime; bottom_divider_color=\u00a0\u00bb#e02b20&Prime; global_colors_info=\u00a0\u00bb{}\u00a0\u00bb][et_pb_row _builder_version=\u00a0\u00bb4.16&Prime; _module_preset=\u00a0\u00bbdefault\u00a0\u00bb custom_padding=\u00a0\u00bb||27px|||\u00a0\u00bb global_colors_info=\u00a0\u00bb{}\u00a0\u00bb][et_pb_column type=\u00a0\u00bb4_4&Prime; _builder_version=\u00a0\u00bb4.16&Prime; _module_preset=\u00a0\u00bbdefault\u00a0\u00bb global_colors_info=\u00a0\u00bb{}\u00a0\u00bb][et_pb_text _builder_version=\u00a0\u00bb4.16&Prime; _module_preset=\u00a0\u00bbdefault\u00a0\u00bb text_font=\u00a0\u00bb|800|||||||\u00a0\u00bb text_font_size=\u00a0\u00bb26px\u00a0\u00bb text_letter_spacing=\u00a0\u00bb4px\u00a0\u00bb custom_margin=\u00a0\u00bb||6px|||\u00a0\u00bb global_colors_info=\u00a0\u00bb{}\u00a0\u00bb]<\/p>\n<p>ASSOCIATION SPORTIVE<\/p>\n<p>[\/et_pb_text][\/et_pb_column][\/et_pb_row][et_pb_row _builder_version=\u00a0\u00bb4.16&Prime; _module_preset=\u00a0\u00bbdefault\u00a0\u00bb custom_padding=\u00a0\u00bb4px|||||\u00a0\u00bb global_colors_info=\u00a0\u00bb{}\u00a0\u00bb][et_pb_column type=\u00a0\u00bb4_4&Prime; _builder_version=\u00a0\u00bb4.16&Prime; _module_preset=\u00a0\u00bbdefault\u00a0\u00bb global_colors_info=\u00a0\u00bb{}\u00a0\u00bb][et_pb_text _builder_version=\u00a0\u00bb4.16&Prime; _module_preset=\u00a0\u00bbdefault\u00a0\u00bb custom_margin=\u00a0\u00bb||68px|||\u00a0\u00bb locked=\u00a0\u00bboff\u00a0\u00bb global_colors_info=\u00a0\u00bb{}\u00a0\u00bb]<\/p>\n<p>Depuis 2003, la structure club h\u00e9berge une association\u00a0: <strong>l\u2019AS SQUASH 95<\/strong>.<\/p>\n<p>Dirig\u00e9e depuis 5 ans par <strong>Gr\u00e9gory Mercier<\/strong> (Pr\u00e9sident), accompagn\u00e9 de toute son \u00e9quipe, l\u2019association propose un vaste panel d\u2019activit\u00e9s autour du Squash, pour les jeunes et les adultes, de tous niveaux, seuls ou en groupe, en loisir comme en comp\u00e9tition.<\/p>\n<p>L\u2019association est affili\u00e9e \u00e0 la F\u00e9d\u00e9ration Fran\u00e7aise de Squash qui accorde son label \u00ab\u00a05 \u00e9toiles\u00a0\u00bb \u00e0 notre \u00e9cole de squash. L\u2019association est \u00e9galement lab\u00e9lis\u00e9e \u00ab\u00a0club formateur\u00a0\u00bb par le Conseil D\u00e9partemental du Val d\u2019Oise. Toutes nos activit\u00e9s sont encadr\u00e9es par des b\u00e9n\u00e9voles et des \u00e9ducateurs sportifs qualifi\u00e9s.<\/p>\n<p>Inscrivez vos enfants \u00e0 notre Ecole de Squash d\u00e8s l\u2019\u00e2ge de 3 ans en baby-squash et mini-squash, prenez des cours individuels et collectifs pour progresser, participez \u00e0 nos stages et tournois, int\u00e9grez l\u2019une de nos \u00e9quipes en crit\u00e9rium r\u00e9gional et national. Prenez contact, nous serons ravis de vous accueillir\u00a0!<\/p>\n<p>Le Bureau\u00a0:\u00a0\u00a0\u00a0\u00a0\u00a0\u00a0 Gr\u00e9gory Mercier (Pr\u00e9sident),<\/p>\n<p>\u00a0\u00a0\u00a0\u00a0\u00a0\u00a0\u00a0\u00a0\u00a0\u00a0\u00a0\u00a0\u00a0\u00a0\u00a0\u00a0\u00a0\u00a0\u00a0\u00a0\u00a0\u00a0\u00a0\u00a0\u00a0\u00a0\u00a0 Eric Deltrieux (Tr\u00e9sorier, en charge de l\u2019\u00e9cole de squash &#8211; <a href=\"mailto:ecole@association-squash95.fr\">ecole@association-squash95.fr<\/a>)<\/p>\n<p>\u00a0\u00a0\u00a0\u00a0\u00a0\u00a0\u00a0\u00a0\u00a0\u00a0\u00a0\u00a0\u00a0\u00a0\u00a0\u00a0\u00a0\u00a0\u00a0\u00a0\u00a0\u00a0\u00a0\u00a0\u00a0\u00a0\u00a0 Jean-Claude Maug\u00e8re (Secr\u00e9taire, Moniteur de Squash \u2013 Certificat de Qualification Professionnelle)<\/p>\n<p>\u00a0 \u00a0 \u00a0 \u00a0 \u00a0 \u00a0 \u00a0 \u00a0 \u00a0 \u00a0 \u00a0 \u00a0 \u00a0 \u00a0 Coralie Michelot (Vice-Secr\u00e9taire, en charge de la communication)<\/p>\n<p>\u00a0\u00a0\u00a0\u00a0\u00a0\u00a0\u00a0\u00a0\u00a0\u00a0\u00a0\u00a0\u00a0\u00a0\u00a0\u00a0\u00a0\u00a0\u00a0\u00a0\u00a0\u00a0\u00a0\u00a0\u00a0\u00a0\u00a0 Philippe Benoist (Vice-Pr\u00e9sident, en charge des entra\u00eenements &#8211; <a href=\"mailto:entrainement@association-squash95.fr\">entrainement@association-squash95.fr<\/a>)<\/p>\n<p>Coach :\u00a0\u00a0\u00a0\u00a0\u00a0 \u00a0\u00a0\u00a0\u00a0\u00a0\u00a0\u00a0\u00a0 Mehdi Renai (Brevet d\u2019Etat d\u2019Educateur Sportif 2nd degr\u00e9, qualifi\u00e9 Sport-Sant\u00e9)<\/p>\n<p>Contact\u00a0: \u00a0\u00a0\u00a0\u00a0\u00a0\u00a0\u00a0\u00a0\u00a0\u00a0 <a href=\"mailto:asso.squash95@free.fr\">asso.squash95@free.fr<\/a> \u2013 06 40 24 68 68<\/p>\n<p>Devenez <strong>m\u00e9c\u00e8ne \u00e0 titre individuel<\/strong>\u00a0en faisant un don minimum de 260\u20ac \u00e0 notre association. D\u00e9fiscalisez 66%, b\u00e9n\u00e9ficiez d\u2019une r\u00e9trocession de 25% (plafonn\u00e9e \u00e0 65\u20ac) \u00e0 valoir sur nos prestations, et profitez d\u2019un tarif pr\u00e9f\u00e9rentiel sur votre adh\u00e9sion en qualit\u00e9 de Membre Bienfaiteur.<\/p>\n<p>Devenez <strong>m\u00e9c\u00e8ne au titre de votre entreprise<\/strong> en faisant un don \u00e0 notre association (maximum 0,5% de votre CA annuel), d\u00e9duisez de votre IS 60% du don, et b\u00e9n\u00e9ficiez d\u2019une r\u00e9trocession de 25% \u00e0 valoir sur nos prestations.\u00a0<\/p>\n<p>Plus d\u2019informations au <strong>06.40.24.68.68<\/strong> ou par mail\u00a0: <a href=\"mailto:asso.squash95@free.fr\"><strong>asso.squash95@free.fr<\/strong><\/a><\/p>\n<p>Nos partenaires\u00a0:<strong> CDSVO, Ville de Saint-Ouen l\u2019Aum\u00f4ne, Ligue de Paris IdF.<\/strong><\/p>\n<p>[\/et_pb_text][\/et_pb_column][\/et_pb_row][\/et_pb_section][et_pb_section fb_built=\u00a0\u00bb1&Prime; _builder_version=\u00a0\u00bb4.7.7&Prime; _module_preset=\u00a0\u00bbdefault\u00a0\u00bb background_color=\u00a0\u00bb#4d4d4d\u00a0\u00bb custom_margin=\u00a0\u00bb3px||0px||false|false\u00a0\u00bb custom_padding=\u00a0\u00bb0px||25px|||\u00a0\u00bb global_module=\u00a0\u00bb469&Prime; saved_tabs=\u00a0\u00bball\u00a0\u00bb global_colors_info=\u00a0\u00bb{}\u00a0\u00bb][et_pb_row column_structure=\u00a0\u00bb1_4,1_4,1_4,1_4&Prime; _builder_version=\u00a0\u00bb4.16&Prime; _module_preset=\u00a0\u00bbdefault\u00a0\u00bb width=\u00a0\u00bb100%\u00a0\u00bb max_width=\u00a0\u00bb1283px\u00a0\u00bb module_alignment=\u00a0\u00bbcenter\u00a0\u00bb custom_margin=\u00a0\u00bb11px|-26px|3px|128px|false|false\u00a0\u00bb custom_padding=\u00a0\u00bb0px|0px|1px|||\u00a0\u00bb global_colors_info=\u00a0\u00bb{}\u00a0\u00bb][et_pb_column type=\u00a0\u00bb1_4&Prime; _builder_version=\u00a0\u00bb4.16&Prime; _module_preset=\u00a0\u00bbdefault\u00a0\u00bb global_colors_info=\u00a0\u00bb{}\u00a0\u00bb][et_pb_image src=\u00a0\u00bbhttp:\/\/squash95.net\/wp-content\/uploads\/2021\/02\/REFONTE-LOGO-ROUGE.png\u00a0\u00bb title_text=\u00a0\u00bbREFONTE LOGO ROUGE\u00a0\u00bb _builder_version=\u00a0\u00bb4.16&Prime; _module_preset=\u00a0\u00bbdefault\u00a0\u00bb max_width=\u00a0\u00bb52%\u00a0\u00bb module_alignment=\u00a0\u00bbcenter\u00a0\u00bb custom_margin=\u00a0\u00bb11px|16px|-4px||false|false\u00a0\u00bb custom_padding=\u00a0\u00bb|0px|0px||false|false\u00a0\u00bb global_colors_info=\u00a0\u00bb{}\u00a0\u00bb][\/et_pb_image][\/et_pb_column][et_pb_column type=\u00a0\u00bb1_4&Prime; _builder_version=\u00a0\u00bb4.16&Prime; _module_preset=\u00a0\u00bbdefault\u00a0\u00bb global_colors_info=\u00a0\u00bb{}\u00a0\u00bb][et_pb_text _builder_version=\u00a0\u00bb4.16&Prime; _module_preset=\u00a0\u00bbdefault\u00a0\u00bb text_line_height=\u00a0\u00bb0.5em\u00a0\u00bb width=\u00a0\u00bb73.8%\u00a0\u00bb module_alignment=\u00a0\u00bbcenter\u00a0\u00bb min_height=\u00a0\u00bb93px\u00a0\u00bb custom_margin=\u00a0\u00bb||6px|1px||\u00a0\u00bb custom_padding=\u00a0\u00bb17px||4px|2px||\u00a0\u00bb global_colors_info=\u00a0\u00bb{}\u00a0\u00bb]<\/p>\n<p><span style=\"color: #ffffff;\"><strong>SQUASH 95<\/strong><\/span><\/p>\n<p><span style=\"color: #ffffff;\"><strong><\/strong><\/span><\/p>\n<p><span style=\"color: #ffffff;\"><\/span><\/p>\n<p><span style=\"color: #ffffff;\">ZAC des B\u00e9thunes<\/span><\/p>\n<p><span style=\"color: #ffffff;\">13 rue du Limousin<\/span><\/p>\n<p><span style=\"color: #ffffff;\">95310 Saint-Ouen-l&rsquo;Aum\u00f4ne<\/span><\/p>\n<p><span style=\"color: #ffffff;\">+33 1 34 64 50 50<\/span><\/p>\n<p>[\/et_pb_text][\/et_pb_column][et_pb_column type=\u00a0\u00bb1_4&Prime; _builder_version=\u00a0\u00bb4.16&Prime; _module_preset=\u00a0\u00bbdefault\u00a0\u00bb global_colors_info=\u00a0\u00bb{}\u00a0\u00bb][et_pb_social_media_follow use_icon_font_size=\u00a0\u00bbon\u00a0\u00bb icon_font_size=\u00a0\u00bb26px\u00a0\u00bb _builder_version=\u00a0\u00bb4.16&Prime; _module_preset=\u00a0\u00bbdefault\u00a0\u00bb text_orientation=\u00a0\u00bbcenter\u00a0\u00bb width=\u00a0\u00bb72%\u00a0\u00bb custom_margin=\u00a0\u00bb45px|||57px||\u00a0\u00bb custom_padding=\u00a0\u00bb|0px||0px||\u00a0\u00bb global_colors_info=\u00a0\u00bb{}\u00a0\u00bb][et_pb_social_media_follow_network social_network=\u00a0\u00bbfacebook\u00a0\u00bb url=\u00a0\u00bbhttps:\/\/www.facebook.com\/squash95&Prime; icon_color=\u00a0\u00bb#ffffff\u00a0\u00bb _builder_version=\u00a0\u00bb4.16&Prime; _module_preset=\u00a0\u00bbdefault\u00a0\u00bb background_color=\u00a0\u00bbrgba(0,0,0,0)\u00a0\u00bb background_enable_color=\u00a0\u00bbon\u00a0\u00bb global_colors_info=\u00a0\u00bb{}\u00a0\u00bb follow_button=\u00a0\u00bboff\u00a0\u00bb url_new_window=\u00a0\u00bbon\u00a0\u00bb]facebook[\/et_pb_social_media_follow_network][et_pb_social_media_follow_network social_network=\u00a0\u00bbinstagram\u00a0\u00bb url=\u00a0\u00bbhttps:\/\/www.instagram.com\/squash95.club\/\u00a0\u00bb icon_color=\u00a0\u00bb#ffffff\u00a0\u00bb _builder_version=\u00a0\u00bb4.16&Prime; _module_preset=\u00a0\u00bbdefault\u00a0\u00bb background_color=\u00a0\u00bbrgba(0,0,0,0)\u00a0\u00bb background_enable_color=\u00a0\u00bbon\u00a0\u00bb global_colors_info=\u00a0\u00bb{}\u00a0\u00bb follow_button=\u00a0\u00bboff\u00a0\u00bb url_new_window=\u00a0\u00bbon\u00a0\u00bb]instagram[\/et_pb_social_media_follow_network][et_pb_social_media_follow_network social_network=\u00a0\u00bbyoutube\u00a0\u00bb url=\u00a0\u00bbhttps:\/\/www.youtube.com\/channel\/UCmo-aGXmyhdqh9JkW52BBQA\u00a0\u00bb icon_color=\u00a0\u00bb#ffffff\u00a0\u00bb _builder_version=\u00a0\u00bb4.16&Prime; _module_preset=\u00a0\u00bbdefault\u00a0\u00bb background_color=\u00a0\u00bbrgba(0,0,0,0)\u00a0\u00bb background_enable_color=\u00a0\u00bbon\u00a0\u00bb global_colors_info=\u00a0\u00bb{}\u00a0\u00bb follow_button=\u00a0\u00bboff\u00a0\u00bb url_new_window=\u00a0\u00bbon\u00a0\u00bb]youtube[\/et_pb_social_media_follow_network][\/et_pb_social_media_follow][\/et_pb_column][et_pb_column type=\u00a0\u00bb1_4&Prime; _builder_version=\u00a0\u00bb4.16&Prime; _module_preset=\u00a0\u00bbdefault\u00a0\u00bb global_colors_info=\u00a0\u00bb{}\u00a0\u00bb][et_pb_menu menu_id=\u00a0\u00bb3&Prime; active_link_color=\u00a0\u00bb#ffffff\u00a0\u00bb _builder_version=\u00a0\u00bb4.16&Prime; _module_preset=\u00a0\u00bbdefault\u00a0\u00bb menu_text_color=\u00a0\u00bb#ffffff\u00a0\u00bb menu_font_size=\u00a0\u00bb16px\u00a0\u00bb background_color=\u00a0\u00bbrgba(0,0,0,0)\u00a0\u00bb text_orientation=\u00a0\u00bbright\u00a0\u00bb custom_padding=\u00a0\u00bb54px|0px||0px||\u00a0\u00bb global_colors_info=\u00a0\u00bb{}\u00a0\u00bb][\/et_pb_menu][\/et_pb_column][\/et_pb_row][\/et_pb_section]<\/p>\n","protected":false},"excerpt":{"rendered":"<p>ASSOCIATION SPORTIVEDepuis 2003, la structure club h\u00e9berge une association\u00a0: l\u2019AS SQUASH 95. Dirig\u00e9e depuis 5 ans par Gr\u00e9gory Mercier (Pr\u00e9sident), accompagn\u00e9 de toute son \u00e9quipe, l\u2019association propose un vaste panel d\u2019activit\u00e9s autour du Squash, pour les jeunes et les adultes, de tous niveaux, seuls ou en groupe, en loisir comme en comp\u00e9tition. L\u2019association est affili\u00e9e [&hellip;]<\/p>\n","protected":false},"author":5,"featured_media":0,"parent":0,"menu_order":0,"comment_status":"closed","ping_status":"closed","template":"","meta":{"_et_pb_use_builder":"on","_et_pb_old_content":"","_et_gb_content_width":"","footnotes":""},"class_list":["post-1275","page","type-page","status-publish","hentry"],"_links":{"self":[{"href":"https:\/\/squash95.net\/index.php\/wp-json\/wp\/v2\/pages\/1275","targetHints":{"allow":["GET"]}}],"collection":[{"href":"https:\/\/squash95.net\/index.php\/wp-json\/wp\/v2\/pages"}],"about":[{"href":"https:\/\/squash95.net\/index.php\/wp-json\/wp\/v2\/types\/page"}],"author":[{"embeddable":true,"href":"https:\/\/squash95.net\/index.php\/wp-json\/wp\/v2\/users\/5"}],"replies":[{"embeddable":true,"href":"https:\/\/squash95.net\/index.php\/wp-json\/wp\/v2\/comments?post=1275"}],"version-history":[{"count":7,"href":"https:\/\/squash95.net\/index.php\/wp-json\/wp\/v2\/pages\/1275\/revisions"}],"predecessor-version":[{"id":4866,"href":"https:\/\/squash95.net\/index.php\/wp-json\/wp\/v2\/pages\/1275\/revisions\/4866"}],"wp:attachment":[{"href":"https:\/\/squash95.net\/index.php\/wp-json\/wp\/v2\/media?parent=1275"}],"curies":[{"name":"wp","href":"https:\/\/api.w.org\/{rel}","templated":true}]}}