{"id":169,"date":"2020-12-24T15:50:43","date_gmt":"2020-12-24T14:50:43","guid":{"rendered":"https:\/\/squash95.net\/?page_id=169"},"modified":"2021-04-06T14:58:01","modified_gmt":"2021-04-06T12:58:01","slug":"mentions-legales","status":"publish","type":"page","link":"https:\/\/squash95.net\/index.php\/mentions-legales\/","title":{"rendered":"MENTIONS L\u00c9GALES"},"content":{"rendered":"<p>[et_pb_section fb_built=\u00a0\u00bb1&Prime; next_background_color=\u00a0\u00bb#4d4d4d\u00a0\u00bb _builder_version=\u00a0\u00bb4.7.7&Prime; _module_preset=\u00a0\u00bbdefault\u00a0\u00bb bottom_divider_style=\u00a0\u00bbarrow2&Prime;][et_pb_row _builder_version=\u00a0\u00bb4.7.7&Prime; _module_preset=\u00a0\u00bbdefault\u00a0\u00bb][et_pb_column type=\u00a0\u00bb4_4&Prime; _builder_version=\u00a0\u00bb4.7.7&Prime; _module_preset=\u00a0\u00bbdefault\u00a0\u00bb][et_pb_text _builder_version=\u00a0\u00bb4.7.7&Prime; _module_preset=\u00a0\u00bbdefault\u00a0\u00bb text_line_height=\u00a0\u00bb1.2em\u00a0\u00bb custom_margin=\u00a0\u00bb||17px|||\u00a0\u00bb]<\/p>\n<p style=\"text-align: justify;\"><strong>Mentions L\u00e9gales<\/strong><\/p>\n<p style=\"text-align: justify;\">Le pr\u00e9sent site est la propri\u00e9t\u00e9 de la soci\u00e9t\u00e9 <strong>SAS M.C.O<\/strong>, inscrite au Registre du Commerce et des Soci\u00e9t\u00e9s de Pontoise sous le num\u00e9ro 844 357\u00a0509 dont le si\u00e8ge social est situ\u00e9 au 13 rue du Limousin 95310 Saint Ouen l\u2019Aum\u00f4ne.<\/p>\n<p style=\"text-align: justify;\">L\u2019h\u00e9bergement du site est assur\u00e9 par la soci\u00e9t\u00e9 OVH.<\/p>\n<p style=\"text-align: justify;\">Le Directeur de la publication est <strong>Mr<\/strong> <strong>Olivier CICERI<\/strong>, en qualit\u00e9 de repr\u00e9sentant l\u00e9gal de la <strong>SAS M.C.O<\/strong>.<\/p>\n<p style=\"text-align: justify;\">En consultant ce site, vous acceptez d&rsquo;en respecter les conditions d&rsquo;utilisation telles que celles-ci sont affich\u00e9es \u00e0 la date de consultation.<\/p>\n<p style=\"text-align: justify;\"><strong>Objet du site<\/strong><\/p>\n<p style=\"text-align: justify;\">Le pr\u00e9sent site diffuse de l&rsquo;information non contractuelle.<\/p>\n<p style=\"text-align: justify;\"><strong>Responsabilit\u00e9s<\/strong><\/p>\n<p style=\"text-align: justify;\">Le pr\u00e9sent site peut fournir des liens vers d&rsquo;autres sites. Ces liens sont ind\u00e9pendants de ce pr\u00e9sent site.<\/p>\n<p style=\"text-align: justify;\">La SAS M.C.O n&rsquo;\u00e9dite ni ne contr\u00f4le les sources, les contenus de ces sites ou leurs liens avec d&rsquo;autres sites.<\/p>\n<p style=\"text-align: justify;\">L&rsquo;utilisateur de son c\u00f4t\u00e9 reconna\u00eet avoir v\u00e9rifi\u00e9 que la configuration informatique utilis\u00e9e ne contient aucun virus et qu&rsquo;elle est en parfait \u00e9tat de fonctionnement.<\/p>\n<p style=\"text-align: justify;\">Le visiteur s&rsquo;engage par ailleurs \u00e0 ne pas introduire, volontairement ou involontairement, de virus ou de fichier de quelque nature que ce soit perturbant l&rsquo;activit\u00e9 du site.<\/p>\n<p style=\"text-align: justify;\">Ces actes d\u00e9lictueux entra\u00eeneraient des poursuites en justice.<\/p>\n<p style=\"text-align: justify;\"><strong>Libert\u00e9 de rectification<\/strong><\/p>\n<p style=\"text-align: justify;\">L&rsquo;utilisateur est notamment inform\u00e9, conform\u00e9ment \u00e0 la loi du 6 janvier 1978, que les informations qu&rsquo;il communique par ses r\u00e9ponses aux formulaires figurant sur le site sont n\u00e9cessaires pour permettre le traitement de ses demandes et sont destin\u00e9es \u00e0 la soci\u00e9t\u00e9 <strong>SAS M.C.O<\/strong>, responsable du traitement et de leur conservation, \u00e0 des fins de gestion administrative.<\/p>\n<p style=\"text-align: justify;\">Ces donn\u00e9es ne seront pas communiqu\u00e9es \u00e0 des tiers \u00e0 l&rsquo;exclusion des tiers h\u00e9bergeant le site ou intervenant dans son contenu ou sa gestion.<\/p>\n<p style=\"text-align: justify;\">La soci\u00e9t\u00e9 <strong>SAS M.C.O<\/strong> s&rsquo;engage \u00e0 prendre toute mesure raisonnable \u00e0 sa disposition pour pr\u00e9server la confidentialit\u00e9 de ces donn\u00e9es personnelles.<\/p>\n<p style=\"text-align: justify;\">Conform\u00e9ment \u00e0 loi informatique et libert\u00e9s &#8211; Article 27 de la loi 78-17 du 6 janvier 1978 \u2013 vous disposez d\u2019un droit d\u2019acc\u00e8s, de suppression ou de rectification de vos donn\u00e9es personnelles sur simple demande aupr\u00e8s de la <strong>SAS M.C.O<\/strong> 13 rue du Limousin 95310 Saint Ouen l\u2019Aum\u00f4ne.<\/p>\n<p style=\"text-align: justify;\">La modification interviendra dans les meilleurs d\u00e9lais et au plus tard dans les dix jours suivant r\u00e9ception de la demande.<\/p>\n<p style=\"text-align: justify;\">La <strong>SAS M.C.O<\/strong> reconna\u00eet avoir fait une d\u00e9claration aupr\u00e8s de la Commission Nationale Informatique et Libert\u00e9s (CNIL), pr\u00e9servant les donn\u00e9es personnelles que ce site peut comporter.<\/p>\n<p style=\"text-align: justify;\">Num\u00e9ro de d\u00e9claration :<\/p>\n<p style=\"text-align: justify;\"><strong>Collecte d&rsquo;informations statistiques et de navigation<\/strong><\/p>\n<p style=\"text-align: justify;\">La soci\u00e9t\u00e9 <strong>SAS M.C.O<\/strong> informe l&rsquo;utilisateur sur le fait que certaines informations le concernant, \u00e0 caract\u00e8re non personnel, mais relatives \u00e0 sa navigation, pourront \u00eatre enregistr\u00e9es lors de sa connexion au serveur web (pages consult\u00e9es, dates et heures de connexion, temps de navigation&#8230;).<\/p>\n<p style=\"text-align: justify;\">\n<p>[\/et_pb_text][\/et_pb_column][\/et_pb_row][\/et_pb_section][et_pb_section fb_built=\u00a0\u00bb1&Prime; _builder_version=\u00a0\u00bb4.7.7&Prime; _module_preset=\u00a0\u00bbdefault\u00a0\u00bb background_color=\u00a0\u00bb#4d4d4d\u00a0\u00bb custom_margin=\u00a0\u00bb||0px||false|false\u00a0\u00bb custom_padding=\u00a0\u00bb16px||25px|||\u00a0\u00bb global_module=\u00a0\u00bb469&Prime; saved_tabs=\u00a0\u00bball\u00a0\u00bb][et_pb_row column_structure=\u00a0\u00bb1_4,1_4,1_4,1_4&Prime; _builder_version=\u00a0\u00bb4.7.7&Prime; _module_preset=\u00a0\u00bbdefault\u00a0\u00bb width=\u00a0\u00bb100%\u00a0\u00bb max_width=\u00a0\u00bb1283px\u00a0\u00bb module_alignment=\u00a0\u00bbcenter\u00a0\u00bb custom_margin=\u00a0\u00bb11px|-26px|3px|128px|false|false\u00a0\u00bb custom_padding=\u00a0\u00bb0px|0px|1px|||\u00a0\u00bb][et_pb_column type=\u00a0\u00bb1_4&Prime; _builder_version=\u00a0\u00bb4.7.7&Prime; _module_preset=\u00a0\u00bbdefault\u00a0\u00bb][et_pb_image src=\u00a0\u00bbhttp:\/\/squash95.net\/wp-content\/uploads\/2021\/02\/REFONTE-LOGO-ROUGE.png\u00a0\u00bb title_text=\u00a0\u00bbREFONTE LOGO ROUGE\u00a0\u00bb _builder_version=\u00a0\u00bb4.7.7&Prime; _module_preset=\u00a0\u00bbdefault\u00a0\u00bb max_width=\u00a0\u00bb52%\u00a0\u00bb module_alignment=\u00a0\u00bbleft\u00a0\u00bb custom_margin=\u00a0\u00bb11px|16px|-4px||false|false\u00a0\u00bb custom_padding=\u00a0\u00bb|0px|0px||false|false\u00a0\u00bb][\/et_pb_image][\/et_pb_column][et_pb_column type=\u00a0\u00bb1_4&Prime; _builder_version=\u00a0\u00bb4.7.7&Prime; _module_preset=\u00a0\u00bbdefault\u00a0\u00bb][et_pb_text _builder_version=\u00a0\u00bb4.7.7&Prime; _module_preset=\u00a0\u00bbdefault\u00a0\u00bb text_line_height=\u00a0\u00bb0.5em\u00a0\u00bb min_height=\u00a0\u00bb93px\u00a0\u00bb custom_margin=\u00a0\u00bb||6px|-115px||\u00a0\u00bb custom_padding=\u00a0\u00bb17px||4px|2px||\u00a0\u00bb]<\/p>\n<p><span style=\"color: #ffffff;\"><strong>SQUASH 95<\/strong><\/span><\/p>\n<p><span style=\"color: #ffffff;\"><strong><\/strong><\/span><\/p>\n<p><span style=\"color: #ffffff;\"><\/span><\/p>\n<p><span style=\"color: #ffffff;\">ZAC des B\u00e9thunes<\/span><\/p>\n<p><span style=\"color: #ffffff;\">13 rue du Limousin<\/span><\/p>\n<p><span style=\"color: #ffffff;\">95310 Saint-Ouen-l&rsquo;Aum\u00f4ne<\/span><\/p>\n<p><span style=\"color: #ffffff;\">+33 1 34 64 50 50<\/span><\/p>\n<p>[\/et_pb_text][\/et_pb_column][et_pb_column type=\u00a0\u00bb1_4&Prime; _builder_version=\u00a0\u00bb4.7.7&Prime; _module_preset=\u00a0\u00bbdefault\u00a0\u00bb][et_pb_social_media_follow use_icon_font_size=\u00a0\u00bbon\u00a0\u00bb icon_font_size=\u00a0\u00bb26px\u00a0\u00bb _builder_version=\u00a0\u00bb4.7.7&Prime; _module_preset=\u00a0\u00bbdefault\u00a0\u00bb text_orientation=\u00a0\u00bbcenter\u00a0\u00bb custom_margin=\u00a0\u00bb45px|||-215px||\u00a0\u00bb custom_padding=\u00a0\u00bb|0px||0px||\u00a0\u00bb][et_pb_social_media_follow_network social_network=\u00a0\u00bbfacebook\u00a0\u00bb url=\u00a0\u00bbhttps:\/\/www.facebook.com\/squash95&Prime; icon_color=\u00a0\u00bb#ffffff\u00a0\u00bb _builder_version=\u00a0\u00bb4.7.7&Prime; _module_preset=\u00a0\u00bbdefault\u00a0\u00bb background_color=\u00a0\u00bbrgba(0,0,0,0)\u00a0\u00bb background_enable_color=\u00a0\u00bbon\u00a0\u00bb follow_button=\u00a0\u00bboff\u00a0\u00bb url_new_window=\u00a0\u00bbon\u00a0\u00bb]facebook[\/et_pb_social_media_follow_network][et_pb_social_media_follow_network social_network=\u00a0\u00bbinstagram\u00a0\u00bb url=\u00a0\u00bbhttps:\/\/www.instagram.com\/squash95.club\/\u00a0\u00bb icon_color=\u00a0\u00bb#ffffff\u00a0\u00bb _builder_version=\u00a0\u00bb4.7.7&Prime; _module_preset=\u00a0\u00bbdefault\u00a0\u00bb background_color=\u00a0\u00bbrgba(0,0,0,0)\u00a0\u00bb background_enable_color=\u00a0\u00bbon\u00a0\u00bb follow_button=\u00a0\u00bboff\u00a0\u00bb url_new_window=\u00a0\u00bbon\u00a0\u00bb]instagram[\/et_pb_social_media_follow_network][et_pb_social_media_follow_network social_network=\u00a0\u00bbyoutube\u00a0\u00bb url=\u00a0\u00bbhttps:\/\/www.youtube.com\/channel\/UCmo-aGXmyhdqh9JkW52BBQA\u00a0\u00bb icon_color=\u00a0\u00bb#ffffff\u00a0\u00bb _builder_version=\u00a0\u00bb4.7.7&Prime; _module_preset=\u00a0\u00bbdefault\u00a0\u00bb background_color=\u00a0\u00bbrgba(0,0,0,0)\u00a0\u00bb background_enable_color=\u00a0\u00bbon\u00a0\u00bb follow_button=\u00a0\u00bboff\u00a0\u00bb url_new_window=\u00a0\u00bbon\u00a0\u00bb]youtube[\/et_pb_social_media_follow_network][\/et_pb_social_media_follow][\/et_pb_column][et_pb_column type=\u00a0\u00bb1_4&Prime; _builder_version=\u00a0\u00bb4.7.7&Prime; _module_preset=\u00a0\u00bbdefault\u00a0\u00bb][et_pb_menu menu_id=\u00a0\u00bb3&Prime; active_link_color=\u00a0\u00bb#ffffff\u00a0\u00bb _builder_version=\u00a0\u00bb4.7.7&Prime; _module_preset=\u00a0\u00bbdefault\u00a0\u00bb menu_text_color=\u00a0\u00bb#ffffff\u00a0\u00bb menu_font_size=\u00a0\u00bb16px\u00a0\u00bb background_color=\u00a0\u00bbrgba(0,0,0,0)\u00a0\u00bb text_orientation=\u00a0\u00bbright\u00a0\u00bb custom_padding=\u00a0\u00bb54px|0px||0px||\u00a0\u00bb][\/et_pb_menu][\/et_pb_column][\/et_pb_row][\/et_pb_section]<\/p>\n","protected":false},"excerpt":{"rendered":"<p>Mentions L\u00e9gales Le pr\u00e9sent site est la propri\u00e9t\u00e9 de la soci\u00e9t\u00e9 SAS M.C.O, inscrite au Registre du Commerce et des Soci\u00e9t\u00e9s de Pontoise sous le num\u00e9ro 844 357\u00a0509 dont le si\u00e8ge social est situ\u00e9 au 13 rue du Limousin 95310 Saint Ouen l\u2019Aum\u00f4ne. L\u2019h\u00e9bergement du site est assur\u00e9 par la soci\u00e9t\u00e9 OVH. Le Directeur de [&hellip;]<\/p>\n","protected":false},"author":5,"featured_media":0,"parent":0,"menu_order":0,"comment_status":"closed","ping_status":"closed","template":"","meta":{"_et_pb_use_builder":"on","_et_pb_old_content":"","_et_gb_content_width":"","footnotes":""},"class_list":["post-169","page","type-page","status-publish","hentry"],"_links":{"self":[{"href":"https:\/\/squash95.net\/index.php\/wp-json\/wp\/v2\/pages\/169","targetHints":{"allow":["GET"]}}],"collection":[{"href":"https:\/\/squash95.net\/index.php\/wp-json\/wp\/v2\/pages"}],"about":[{"href":"https:\/\/squash95.net\/index.php\/wp-json\/wp\/v2\/types\/page"}],"author":[{"embeddable":true,"href":"https:\/\/squash95.net\/index.php\/wp-json\/wp\/v2\/users\/5"}],"replies":[{"embeddable":true,"href":"https:\/\/squash95.net\/index.php\/wp-json\/wp\/v2\/comments?post=169"}],"version-history":[{"count":4,"href":"https:\/\/squash95.net\/index.php\/wp-json\/wp\/v2\/pages\/169\/revisions"}],"predecessor-version":[{"id":651,"href":"https:\/\/squash95.net\/index.php\/wp-json\/wp\/v2\/pages\/169\/revisions\/651"}],"wp:attachment":[{"href":"https:\/\/squash95.net\/index.php\/wp-json\/wp\/v2\/media?parent=169"}],"curies":[{"name":"wp","href":"https:\/\/api.w.org\/{rel}","templated":true}]}}